{"id":15855,"date":"2024-01-18T11:05:48","date_gmt":"2024-01-18T10:05:48","guid":{"rendered":"https:\/\/auenshop.maxim-design.com\/?post_type=product&#038;p=15855"},"modified":"2024-01-19T13:35:51","modified_gmt":"2024-01-19T12:35:51","slug":"cervelatwurst","status":"publish","type":"product","link":"https:\/\/auenshop.maxim-design.com\/?product=cervelatwurst","title":{"rendered":"Cervelatwurst"},"content":{"rendered":"\t\t<div data-elementor-type=\"wp-post\" data-elementor-id=\"15855\" class=\"elementor elementor-15855\" data-elementor-post-type=\"product\">\n\t\t\t\t\t\t\t<div class=\"wd-negative-gap elementor-element elementor-element-92cbdc1 e-flex e-con-boxed e-con e-parent\" data-id=\"92cbdc1\" data-element_type=\"container\" data-settings=\"{&quot;content_width&quot;:&quot;boxed&quot;}\" data-core-v316-plus=\"true\">\n\t\t\t\t\t<div class=\"e-con-inner\">\n\t\t<div class=\"elementor-element elementor-element-5f28569 e-con-full e-flex e-con e-child\" data-id=\"5f28569\" data-element_type=\"container\" data-settings=\"{&quot;content_width&quot;:&quot;full&quot;}\">\n\t\t\t\t<div class=\"elementor-element elementor-element-6735e49e elementor-widget elementor-widget-image\" data-id=\"6735e49e\" data-element_type=\"widget\" data-widget_type=\"image.default\">\n\t\t\t\t<div class=\"elementor-widget-container\">\n\t\t\t<style>\/*! elementor - v3.18.0 - 20-12-2023 *\/\n.elementor-widget-image{text-align:center}.elementor-widget-image a{display:inline-block}.elementor-widget-image a img[src$=\".svg\"]{width:48px}.elementor-widget-image img{vertical-align:middle;display:inline-block}<\/style>\t\t\t\t\t\t\t\t\t\t\t\t<img fetchpriority=\"high\" decoding=\"async\" width=\"710\" height=\"800\" src=\"https:\/\/auenshop.maxim-design.com\/wp-content\/uploads\/2024\/01\/Salami-710x800.webp\" class=\"attachment-large size-large wp-image-15600\" alt=\"\" srcset=\"https:\/\/auenshop.maxim-design.com\/wp-content\/uploads\/2024\/01\/Salami-710x800.webp 710w, https:\/\/auenshop.maxim-design.com\/wp-content\/uploads\/2024\/01\/Salami-430x485.webp 430w, https:\/\/auenshop.maxim-design.com\/wp-content\/uploads\/2024\/01\/Salami-150x169.webp 150w, https:\/\/auenshop.maxim-design.com\/wp-content\/uploads\/2024\/01\/Salami-700x789.webp 700w, https:\/\/auenshop.maxim-design.com\/wp-content\/uploads\/2024\/01\/Salami-266x300.webp 266w, https:\/\/auenshop.maxim-design.com\/wp-content\/uploads\/2024\/01\/Salami-768x865.webp 768w, https:\/\/auenshop.maxim-design.com\/wp-content\/uploads\/2024\/01\/Salami.webp 772w\" sizes=\"(max-width: 710px) 100vw, 710px\" \/>\t\t\t\t\t\t\t\t\t\t\t\t\t\t\t<\/div>\n\t\t\t\t<\/div>\n\t\t\t\t<\/div>\n\t\t<div class=\"elementor-element elementor-element-17b68099 e-con-full e-flex e-con e-child\" data-id=\"17b68099\" data-element_type=\"container\" data-settings=\"{&quot;content_width&quot;:&quot;full&quot;}\">\n\t\t\t\t<div class=\"elementor-element elementor-element-2cab456c elementor-widget elementor-widget-heading\" data-id=\"2cab456c\" data-element_type=\"widget\" data-widget_type=\"heading.default\">\n\t\t\t\t<div class=\"elementor-widget-container\">\n\t\t\t<style>\/*! elementor - v3.18.0 - 20-12-2023 *\/\n.elementor-heading-title{padding:0;margin:0;line-height:1}.elementor-widget-heading .elementor-heading-title[class*=elementor-size-]>a{color:inherit;font-size:inherit;line-height:inherit}.elementor-widget-heading .elementor-heading-title.elementor-size-small{font-size:15px}.elementor-widget-heading .elementor-heading-title.elementor-size-medium{font-size:19px}.elementor-widget-heading .elementor-heading-title.elementor-size-large{font-size:29px}.elementor-widget-heading .elementor-heading-title.elementor-size-xl{font-size:39px}.elementor-widget-heading .elementor-heading-title.elementor-size-xxl{font-size:59px}<\/style><h2 class=\"elementor-heading-title elementor-size-default\">Die Auenhof Cervelatwurst<\/h2>\t\t<\/div>\n\t\t\t\t<\/div>\n\t\t\t\t<div class=\"elementor-element elementor-element-6e2dd824 elementor-widget elementor-widget-wd_text_block\" data-id=\"6e2dd824\" data-element_type=\"widget\" data-widget_type=\"wd_text_block.default\">\n\t\t\t\t<div class=\"elementor-widget-container\">\n\t\t\t\t\t\t<link rel=\"stylesheet\" id=\"wd-text-block-css\" href=\"https:\/\/auenshop.maxim-design.com\/wp-content\/themes\/woodmart\/css\/parts\/el-text-block.min.css?ver=7.4.2\" type=\"text\/css\" media=\"all\" \/> \t\t\t\t\t<div class=\"wd-text-block reset-last-child text-left\">\n\t\t\t\n\t\t\t<p>Unsere Cervelatwurst ist leicht ger\u00e4uchert und der perfekte Snack f\u00fcr zwischendurch, mit einem kr\u00e4ftigen Geschmack \/ oder auch als Aufschnitt.<\/p>\n\t\t\t\t\t<\/div>\n\t\t\t\t<\/div>\n\t\t\t\t<\/div>\n\t\t\t\t<\/div>\n\t\t\t\t\t<\/div>\n\t\t\t\t<\/div>\n\t\t\t\t\t\t\t<\/div>\n\t\t","protected":false},"excerpt":{"rendered":"<p>Unsere Cervelatwurst ist leicht ger\u00e4uchert und der perfekte Snack f\u00fcr zwischendurch mit einem kr\u00e4ftigen Geschmack \/ oder auch als Aufschnitt.<\/p>\n","protected":false},"featured_media":15600,"comment_status":"open","ping_status":"closed","template":"","meta":[],"product_cat":[73],"product_tag":[],"class_list":{"0":"post-15855","1":"product","2":"type-product","3":"status-publish","4":"has-post-thumbnail","6":"product_cat-fleisch-wurst","8":"first","9":"instock","10":"taxable","11":"shipping-taxable","12":"purchasable","13":"product-type-simple"},"_links":{"self":[{"href":"https:\/\/auenshop.maxim-design.com\/index.php?rest_route=\/wp\/v2\/product\/15855","targetHints":{"allow":["GET"]}}],"collection":[{"href":"https:\/\/auenshop.maxim-design.com\/index.php?rest_route=\/wp\/v2\/product"}],"about":[{"href":"https:\/\/auenshop.maxim-design.com\/index.php?rest_route=\/wp\/v2\/types\/product"}],"replies":[{"embeddable":true,"href":"https:\/\/auenshop.maxim-design.com\/index.php?rest_route=%2Fwp%2Fv2%2Fcomments&post=15855"}],"version-history":[{"count":5,"href":"https:\/\/auenshop.maxim-design.com\/index.php?rest_route=\/wp\/v2\/product\/15855\/revisions"}],"predecessor-version":[{"id":16172,"href":"https:\/\/auenshop.maxim-design.com\/index.php?rest_route=\/wp\/v2\/product\/15855\/revisions\/16172"}],"wp:featuredmedia":[{"embeddable":true,"href":"https:\/\/auenshop.maxim-design.com\/index.php?rest_route=\/wp\/v2\/media\/15600"}],"wp:attachment":[{"href":"https:\/\/auenshop.maxim-design.com\/index.php?rest_route=%2Fwp%2Fv2%2Fmedia&parent=15855"}],"wp:term":[{"taxonomy":"product_cat","embeddable":true,"href":"https:\/\/auenshop.maxim-design.com\/index.php?rest_route=%2Fwp%2Fv2%2Fproduct_cat&post=15855"},{"taxonomy":"product_tag","embeddable":true,"href":"https:\/\/auenshop.maxim-design.com\/index.php?rest_route=%2Fwp%2Fv2%2Fproduct_tag&post=15855"}],"curies":[{"name":"wp","href":"https:\/\/api.w.org\/{rel}","templated":true}]}}