{"id":15752,"date":"2024-01-17T13:38:42","date_gmt":"2024-01-17T12:38:42","guid":{"rendered":"https:\/\/auenshop.maxim-design.com\/?post_type=product&#038;p=15752"},"modified":"2024-01-25T12:31:36","modified_gmt":"2024-01-25T11:31:36","slug":"pfefferkaese","status":"publish","type":"product","link":"https:\/\/auenshop.maxim-design.com\/?product=pfefferkaese","title":{"rendered":"Pfefferk\u00e4se"},"content":{"rendered":"\t\t<div data-elementor-type=\"wp-post\" data-elementor-id=\"15752\" class=\"elementor elementor-15752\" data-elementor-post-type=\"product\">\n\t\t\t\t\t\t\t<div class=\"wd-negative-gap elementor-element elementor-element-fe08a55 e-flex e-con-boxed e-con e-parent\" data-id=\"fe08a55\" data-element_type=\"container\" data-settings=\"{&quot;content_width&quot;:&quot;boxed&quot;}\" data-core-v316-plus=\"true\">\n\t\t\t\t\t<div class=\"e-con-inner\">\n\t\t<div class=\"elementor-element elementor-element-687c404c e-con-full e-flex e-con e-child\" data-id=\"687c404c\" data-element_type=\"container\" data-settings=\"{&quot;content_width&quot;:&quot;full&quot;}\">\n\t\t\t\t<div class=\"elementor-element elementor-element-58573c21 elementor-widget elementor-widget-image\" data-id=\"58573c21\" data-element_type=\"widget\" data-widget_type=\"image.default\">\n\t\t\t\t<div class=\"elementor-widget-container\">\n\t\t\t<style>\/*! elementor - v3.18.0 - 20-12-2023 *\/\n.elementor-widget-image{text-align:center}.elementor-widget-image a{display:inline-block}.elementor-widget-image a img[src$=\".svg\"]{width:48px}.elementor-widget-image img{vertical-align:middle;display:inline-block}<\/style>\t\t\t\t\t\t\t\t\t\t\t\t<img fetchpriority=\"high\" decoding=\"async\" width=\"710\" height=\"800\" src=\"https:\/\/auenshop.maxim-design.com\/wp-content\/uploads\/2024\/01\/pfeffer_kaese-710x800.jpg\" class=\"attachment-large size-large wp-image-15634\" alt=\"\" srcset=\"https:\/\/auenshop.maxim-design.com\/wp-content\/uploads\/2024\/01\/pfeffer_kaese-710x800.jpg 710w, https:\/\/auenshop.maxim-design.com\/wp-content\/uploads\/2024\/01\/pfeffer_kaese-430x485.jpg 430w, https:\/\/auenshop.maxim-design.com\/wp-content\/uploads\/2024\/01\/pfeffer_kaese-150x169.jpg 150w, https:\/\/auenshop.maxim-design.com\/wp-content\/uploads\/2024\/01\/pfeffer_kaese-700x789.jpg 700w, https:\/\/auenshop.maxim-design.com\/wp-content\/uploads\/2024\/01\/pfeffer_kaese-266x300.jpg 266w, https:\/\/auenshop.maxim-design.com\/wp-content\/uploads\/2024\/01\/pfeffer_kaese-768x865.jpg 768w, https:\/\/auenshop.maxim-design.com\/wp-content\/uploads\/2024\/01\/pfeffer_kaese.jpg 772w\" sizes=\"(max-width: 710px) 100vw, 710px\" \/>\t\t\t\t\t\t\t\t\t\t\t\t\t\t\t<\/div>\n\t\t\t\t<\/div>\n\t\t\t\t<\/div>\n\t\t<div class=\"elementor-element elementor-element-30a3a6a1 e-con-full e-flex e-con e-child\" data-id=\"30a3a6a1\" data-element_type=\"container\" data-settings=\"{&quot;content_width&quot;:&quot;full&quot;}\">\n\t\t\t\t<div class=\"elementor-element elementor-element-20a0ecbb elementor-widget elementor-widget-heading\" data-id=\"20a0ecbb\" data-element_type=\"widget\" data-widget_type=\"heading.default\">\n\t\t\t\t<div class=\"elementor-widget-container\">\n\t\t\t<style>\/*! elementor - v3.18.0 - 20-12-2023 *\/\n.elementor-heading-title{padding:0;margin:0;line-height:1}.elementor-widget-heading .elementor-heading-title[class*=elementor-size-]>a{color:inherit;font-size:inherit;line-height:inherit}.elementor-widget-heading .elementor-heading-title.elementor-size-small{font-size:15px}.elementor-widget-heading .elementor-heading-title.elementor-size-medium{font-size:19px}.elementor-widget-heading .elementor-heading-title.elementor-size-large{font-size:29px}.elementor-widget-heading .elementor-heading-title.elementor-size-xl{font-size:39px}.elementor-widget-heading .elementor-heading-title.elementor-size-xxl{font-size:59px}<\/style><h2 class=\"elementor-heading-title elementor-size-default\">Der Pfefferk\u00e4se<\/h2>\t\t<\/div>\n\t\t\t\t<\/div>\n\t\t\t\t<div class=\"elementor-element elementor-element-6b1b34a9 elementor-widget elementor-widget-wd_text_block\" data-id=\"6b1b34a9\" data-element_type=\"widget\" data-widget_type=\"wd_text_block.default\">\n\t\t\t\t<div class=\"elementor-widget-container\">\n\t\t\t\t\t\t<link rel=\"stylesheet\" id=\"wd-text-block-css\" href=\"https:\/\/auenshop.maxim-design.com\/wp-content\/themes\/woodmart\/css\/parts\/el-text-block.min.css?ver=7.4.2\" type=\"text\/css\" media=\"all\" \/> \t\t\t\t\t<div class=\"wd-text-block reset-last-child text-left\">\n\t\t\t\n\t\t\tUnser Pfefferk\u00e4se ist ein vollmundiger w\u00fcrziger K\u00e4se mit einem Hauch von Pfeffer.\n\t\t\t\t\t<\/div>\n\t\t\t\t<\/div>\n\t\t\t\t<\/div>\n\t\t\t\t<\/div>\n\t\t\t\t\t<\/div>\n\t\t\t\t<\/div>\n\t\t\t\t\t\t\t<\/div>\n\t\t","protected":false},"excerpt":{"rendered":"<p>Unser Pfefferk\u00e4se ist ein vollmundiger w\u00fcrziger K\u00e4se mit einem Hauch von Pfeffer.<\/p>\n","protected":false},"featured_media":15634,"comment_status":"open","ping_status":"closed","template":"","meta":[],"product_cat":[72],"product_tag":[],"class_list":{"0":"post-15752","1":"product","2":"type-product","3":"status-publish","4":"has-post-thumbnail","6":"product_cat-alles-kaese","8":"first","9":"instock","10":"taxable","11":"shipping-taxable","12":"purchasable","13":"product-type-variable"},"_links":{"self":[{"href":"https:\/\/auenshop.maxim-design.com\/index.php?rest_route=\/wp\/v2\/product\/15752","targetHints":{"allow":["GET"]}}],"collection":[{"href":"https:\/\/auenshop.maxim-design.com\/index.php?rest_route=\/wp\/v2\/product"}],"about":[{"href":"https:\/\/auenshop.maxim-design.com\/index.php?rest_route=\/wp\/v2\/types\/product"}],"replies":[{"embeddable":true,"href":"https:\/\/auenshop.maxim-design.com\/index.php?rest_route=%2Fwp%2Fv2%2Fcomments&post=15752"}],"version-history":[{"count":6,"href":"https:\/\/auenshop.maxim-design.com\/index.php?rest_route=\/wp\/v2\/product\/15752\/revisions"}],"predecessor-version":[{"id":16408,"href":"https:\/\/auenshop.maxim-design.com\/index.php?rest_route=\/wp\/v2\/product\/15752\/revisions\/16408"}],"wp:featuredmedia":[{"embeddable":true,"href":"https:\/\/auenshop.maxim-design.com\/index.php?rest_route=\/wp\/v2\/media\/15634"}],"wp:attachment":[{"href":"https:\/\/auenshop.maxim-design.com\/index.php?rest_route=%2Fwp%2Fv2%2Fmedia&parent=15752"}],"wp:term":[{"taxonomy":"product_cat","embeddable":true,"href":"https:\/\/auenshop.maxim-design.com\/index.php?rest_route=%2Fwp%2Fv2%2Fproduct_cat&post=15752"},{"taxonomy":"product_tag","embeddable":true,"href":"https:\/\/auenshop.maxim-design.com\/index.php?rest_route=%2Fwp%2Fv2%2Fproduct_tag&post=15752"}],"curies":[{"name":"wp","href":"https:\/\/api.w.org\/{rel}","templated":true}]}}