{"id":15702,"date":"2024-01-17T10:52:04","date_gmt":"2024-01-17T09:52:04","guid":{"rendered":"https:\/\/auenshop.maxim-design.com\/?post_type=product&#038;p=15702"},"modified":"2024-01-25T12:46:35","modified_gmt":"2024-01-25T11:46:35","slug":"trueffelkaese","status":"publish","type":"product","link":"https:\/\/auenshop.maxim-design.com\/?product=trueffelkaese","title":{"rendered":"Tr\u00fcffelk\u00e4se"},"content":{"rendered":"\t\t<div data-elementor-type=\"wp-post\" data-elementor-id=\"15702\" class=\"elementor elementor-15702\" data-elementor-post-type=\"product\">\n\t\t\t\t\t\t\t<div class=\"wd-negative-gap elementor-element elementor-element-30718b09 e-flex e-con-boxed e-con e-parent\" data-id=\"30718b09\" data-element_type=\"container\" data-settings=\"{&quot;content_width&quot;:&quot;boxed&quot;}\" data-core-v316-plus=\"true\">\n\t\t\t\t\t<div class=\"e-con-inner\">\n\t\t<div class=\"elementor-element elementor-element-28efd05d e-con-full e-flex e-con e-child\" data-id=\"28efd05d\" data-element_type=\"container\" data-settings=\"{&quot;content_width&quot;:&quot;full&quot;}\">\n\t\t\t\t<div class=\"elementor-element elementor-element-3fd9a195 elementor-widget elementor-widget-image\" data-id=\"3fd9a195\" data-element_type=\"widget\" data-widget_type=\"image.default\">\n\t\t\t\t<div class=\"elementor-widget-container\">\n\t\t\t<style>\/*! elementor - v3.18.0 - 20-12-2023 *\/\n.elementor-widget-image{text-align:center}.elementor-widget-image a{display:inline-block}.elementor-widget-image a img[src$=\".svg\"]{width:48px}.elementor-widget-image img{vertical-align:middle;display:inline-block}<\/style>\t\t\t\t\t\t\t\t\t\t\t\t<img fetchpriority=\"high\" decoding=\"async\" width=\"710\" height=\"800\" src=\"https:\/\/auenshop.maxim-design.com\/wp-content\/uploads\/2024\/01\/trueffel-kaese-710x800.jpg\" class=\"attachment-large size-large wp-image-15638\" alt=\"\" srcset=\"https:\/\/auenshop.maxim-design.com\/wp-content\/uploads\/2024\/01\/trueffel-kaese-710x800.jpg 710w, https:\/\/auenshop.maxim-design.com\/wp-content\/uploads\/2024\/01\/trueffel-kaese-430x485.jpg 430w, https:\/\/auenshop.maxim-design.com\/wp-content\/uploads\/2024\/01\/trueffel-kaese-150x169.jpg 150w, https:\/\/auenshop.maxim-design.com\/wp-content\/uploads\/2024\/01\/trueffel-kaese-700x789.jpg 700w, https:\/\/auenshop.maxim-design.com\/wp-content\/uploads\/2024\/01\/trueffel-kaese-266x300.jpg 266w, https:\/\/auenshop.maxim-design.com\/wp-content\/uploads\/2024\/01\/trueffel-kaese-768x865.jpg 768w, https:\/\/auenshop.maxim-design.com\/wp-content\/uploads\/2024\/01\/trueffel-kaese.jpg 772w\" sizes=\"(max-width: 710px) 100vw, 710px\" \/>\t\t\t\t\t\t\t\t\t\t\t\t\t\t\t<\/div>\n\t\t\t\t<\/div>\n\t\t\t\t<\/div>\n\t\t<div class=\"elementor-element elementor-element-293371ff e-con-full e-flex e-con e-child\" data-id=\"293371ff\" data-element_type=\"container\" data-settings=\"{&quot;content_width&quot;:&quot;full&quot;}\">\n\t\t\t\t<div class=\"elementor-element elementor-element-24522251 elementor-widget elementor-widget-heading\" data-id=\"24522251\" data-element_type=\"widget\" data-widget_type=\"heading.default\">\n\t\t\t\t<div class=\"elementor-widget-container\">\n\t\t\t<style>\/*! elementor - v3.18.0 - 20-12-2023 *\/\n.elementor-heading-title{padding:0;margin:0;line-height:1}.elementor-widget-heading .elementor-heading-title[class*=elementor-size-]>a{color:inherit;font-size:inherit;line-height:inherit}.elementor-widget-heading .elementor-heading-title.elementor-size-small{font-size:15px}.elementor-widget-heading .elementor-heading-title.elementor-size-medium{font-size:19px}.elementor-widget-heading .elementor-heading-title.elementor-size-large{font-size:29px}.elementor-widget-heading .elementor-heading-title.elementor-size-xl{font-size:39px}.elementor-widget-heading .elementor-heading-title.elementor-size-xxl{font-size:59px}<\/style><h2 class=\"elementor-heading-title elementor-size-default\">Der Tr\u00fcffelk\u00e4se<\/h2>\t\t<\/div>\n\t\t\t\t<\/div>\n\t\t\t\t<div class=\"elementor-element elementor-element-5ae9ae41 elementor-widget elementor-widget-wd_text_block\" data-id=\"5ae9ae41\" data-element_type=\"widget\" data-widget_type=\"wd_text_block.default\">\n\t\t\t\t<div class=\"elementor-widget-container\">\n\t\t\t\t\t\t<link rel=\"stylesheet\" id=\"wd-text-block-css\" href=\"https:\/\/auenshop.maxim-design.com\/wp-content\/themes\/woodmart\/css\/parts\/el-text-block.min.css?ver=7.4.2\" type=\"text\/css\" media=\"all\" \/> \t\t\t\t\t<div class=\"wd-text-block reset-last-child text-left\">\n\t\t\t\n\t\t\tUnser Tr\u00fcffelk\u00e4se ist ein vollmundiger w\u00fcrziger K\u00e4se mit einem Hauch von Tr\u00fcffeln.\n\t\t\t\t\t<\/div>\n\t\t\t\t<\/div>\n\t\t\t\t<\/div>\n\t\t\t\t<\/div>\n\t\t\t\t\t<\/div>\n\t\t\t\t<\/div>\n\t\t\t\t\t\t\t<\/div>\n\t\t","protected":false},"excerpt":{"rendered":"<p>Unser Tr\u00fcffelk\u00e4se ist ein vollmundiger w\u00fcrziger K\u00e4se mit einem Hauch von Tr\u00fcffeln.<\/p>\n","protected":false},"featured_media":15638,"comment_status":"open","ping_status":"closed","template":"","meta":[],"product_cat":[72],"product_tag":[],"class_list":{"0":"post-15702","1":"product","2":"type-product","3":"status-publish","4":"has-post-thumbnail","6":"product_cat-alles-kaese","8":"first","9":"instock","10":"taxable","11":"shipping-taxable","12":"purchasable","13":"product-type-variable"},"_links":{"self":[{"href":"https:\/\/auenshop.maxim-design.com\/index.php?rest_route=\/wp\/v2\/product\/15702","targetHints":{"allow":["GET"]}}],"collection":[{"href":"https:\/\/auenshop.maxim-design.com\/index.php?rest_route=\/wp\/v2\/product"}],"about":[{"href":"https:\/\/auenshop.maxim-design.com\/index.php?rest_route=\/wp\/v2\/types\/product"}],"replies":[{"embeddable":true,"href":"https:\/\/auenshop.maxim-design.com\/index.php?rest_route=%2Fwp%2Fv2%2Fcomments&post=15702"}],"version-history":[{"count":9,"href":"https:\/\/auenshop.maxim-design.com\/index.php?rest_route=\/wp\/v2\/product\/15702\/revisions"}],"predecessor-version":[{"id":16416,"href":"https:\/\/auenshop.maxim-design.com\/index.php?rest_route=\/wp\/v2\/product\/15702\/revisions\/16416"}],"wp:featuredmedia":[{"embeddable":true,"href":"https:\/\/auenshop.maxim-design.com\/index.php?rest_route=\/wp\/v2\/media\/15638"}],"wp:attachment":[{"href":"https:\/\/auenshop.maxim-design.com\/index.php?rest_route=%2Fwp%2Fv2%2Fmedia&parent=15702"}],"wp:term":[{"taxonomy":"product_cat","embeddable":true,"href":"https:\/\/auenshop.maxim-design.com\/index.php?rest_route=%2Fwp%2Fv2%2Fproduct_cat&post=15702"},{"taxonomy":"product_tag","embeddable":true,"href":"https:\/\/auenshop.maxim-design.com\/index.php?rest_route=%2Fwp%2Fv2%2Fproduct_tag&post=15702"}],"curies":[{"name":"wp","href":"https:\/\/api.w.org\/{rel}","templated":true}]}}