{"id":15681,"date":"2024-01-17T09:17:18","date_gmt":"2024-01-17T08:17:18","guid":{"rendered":"https:\/\/auenshop.maxim-design.com\/?post_type=product&#038;p=15681"},"modified":"2024-01-25T12:28:05","modified_gmt":"2024-01-25T11:28:05","slug":"muensterlaender-butterkaese","status":"publish","type":"product","link":"https:\/\/auenshop.maxim-design.com\/?product=muensterlaender-butterkaese","title":{"rendered":"M\u00fcnsterl\u00e4nder Butterk\u00e4se"},"content":{"rendered":"\t\t<div data-elementor-type=\"wp-post\" data-elementor-id=\"15681\" class=\"elementor elementor-15681\" data-elementor-post-type=\"product\">\n\t\t\t\t\t\t\t<div class=\"wd-negative-gap elementor-element elementor-element-6141353d e-flex e-con-boxed e-con e-parent\" data-id=\"6141353d\" data-element_type=\"container\" data-settings=\"{&quot;content_width&quot;:&quot;boxed&quot;}\" data-core-v316-plus=\"true\">\n\t\t\t\t\t<div class=\"e-con-inner\">\n\t\t<div class=\"elementor-element elementor-element-720bb259 e-con-full e-flex e-con e-child\" data-id=\"720bb259\" data-element_type=\"container\" data-settings=\"{&quot;content_width&quot;:&quot;full&quot;}\">\n\t\t\t\t<div class=\"elementor-element elementor-element-371eafb1 elementor-widget elementor-widget-image\" data-id=\"371eafb1\" data-element_type=\"widget\" data-widget_type=\"image.default\">\n\t\t\t\t<div class=\"elementor-widget-container\">\n\t\t\t<style>\/*! elementor - v3.18.0 - 20-12-2023 *\/\n.elementor-widget-image{text-align:center}.elementor-widget-image a{display:inline-block}.elementor-widget-image a img[src$=\".svg\"]{width:48px}.elementor-widget-image img{vertical-align:middle;display:inline-block}<\/style>\t\t\t\t\t\t\t\t\t\t\t\t<img fetchpriority=\"high\" decoding=\"async\" width=\"710\" height=\"800\" src=\"https:\/\/auenshop.maxim-design.com\/wp-content\/uploads\/2024\/01\/muensterlaender_butterkaese-710x800.jpg\" class=\"attachment-large size-large wp-image-15633\" alt=\"\" srcset=\"https:\/\/auenshop.maxim-design.com\/wp-content\/uploads\/2024\/01\/muensterlaender_butterkaese-710x800.jpg 710w, https:\/\/auenshop.maxim-design.com\/wp-content\/uploads\/2024\/01\/muensterlaender_butterkaese-430x485.jpg 430w, https:\/\/auenshop.maxim-design.com\/wp-content\/uploads\/2024\/01\/muensterlaender_butterkaese-150x169.jpg 150w, https:\/\/auenshop.maxim-design.com\/wp-content\/uploads\/2024\/01\/muensterlaender_butterkaese-700x789.jpg 700w, https:\/\/auenshop.maxim-design.com\/wp-content\/uploads\/2024\/01\/muensterlaender_butterkaese-266x300.jpg 266w, https:\/\/auenshop.maxim-design.com\/wp-content\/uploads\/2024\/01\/muensterlaender_butterkaese-768x865.jpg 768w, https:\/\/auenshop.maxim-design.com\/wp-content\/uploads\/2024\/01\/muensterlaender_butterkaese.jpg 772w\" sizes=\"(max-width: 710px) 100vw, 710px\" \/>\t\t\t\t\t\t\t\t\t\t\t\t\t\t\t<\/div>\n\t\t\t\t<\/div>\n\t\t\t\t<\/div>\n\t\t<div class=\"elementor-element elementor-element-6690eeb0 e-con-full e-flex e-con e-child\" data-id=\"6690eeb0\" data-element_type=\"container\" data-settings=\"{&quot;content_width&quot;:&quot;full&quot;}\">\n\t\t\t\t<div class=\"elementor-element elementor-element-b5e7184 elementor-widget elementor-widget-heading\" data-id=\"b5e7184\" data-element_type=\"widget\" data-widget_type=\"heading.default\">\n\t\t\t\t<div class=\"elementor-widget-container\">\n\t\t\t<style>\/*! elementor - v3.18.0 - 20-12-2023 *\/\n.elementor-heading-title{padding:0;margin:0;line-height:1}.elementor-widget-heading .elementor-heading-title[class*=elementor-size-]>a{color:inherit;font-size:inherit;line-height:inherit}.elementor-widget-heading .elementor-heading-title.elementor-size-small{font-size:15px}.elementor-widget-heading .elementor-heading-title.elementor-size-medium{font-size:19px}.elementor-widget-heading .elementor-heading-title.elementor-size-large{font-size:29px}.elementor-widget-heading .elementor-heading-title.elementor-size-xl{font-size:39px}.elementor-widget-heading .elementor-heading-title.elementor-size-xxl{font-size:59px}<\/style><h2 class=\"elementor-heading-title elementor-size-default\">Der M\u00fcnsterl\u00e4nder Butterk\u00e4se<\/h2>\t\t<\/div>\n\t\t\t\t<\/div>\n\t\t\t\t<div class=\"elementor-element elementor-element-50fc60da elementor-widget elementor-widget-wd_text_block\" data-id=\"50fc60da\" data-element_type=\"widget\" data-widget_type=\"wd_text_block.default\">\n\t\t\t\t<div class=\"elementor-widget-container\">\n\t\t\t\t\t\t<link rel=\"stylesheet\" id=\"wd-text-block-css\" href=\"https:\/\/auenshop.maxim-design.com\/wp-content\/themes\/woodmart\/css\/parts\/el-text-block.min.css?ver=7.4.2\" type=\"text\/css\" media=\"all\" \/> \t\t\t\t\t<div class=\"wd-text-block reset-last-child text-left\">\n\t\t\t\n\t\t\t<div class=\"woocommerce-product-details__short-description\"><p>Unser M\u00fcnsterl\u00e4nder Butterk\u00e4se wird nur so im M\u00fcnsterland hergestellt.<\/p><\/div><form class=\"variations_form cart wd-reset-side-lg wd-reset-bottom-md wd-label-top-md has-gzd-variation-form\" style=\"box-sizing: border-box; padding: 0px; border: 0px; vertical-align: baseline; font-style: normal; font-variant-ligatures: normal; font-variant-caps: normal; font-variant-numeric: inherit; font-variant-east-asian: inherit; font-variant-alternates: inherit; font-variant-position: inherit; font-weight: 400; font-stretch: inherit; line-height: inherit; font-family: 'Josefin Sans', Arial, Helvetica, sans-serif; font-optical-sizing: inherit; font-kerning: inherit; font-feature-settings: inherit; font-variation-settings: inherit; font-size: 14px; display: flex; flex-wrap: wrap; gap: 0px; justify-content: var(--content-align); --wd-var-table-mb: 20px; color: #000000; letter-spacing: normal; orphans: 2; text-align: left; text-indent: 0px; text-transform: none; widows: 2; word-spacing: 0px; -webkit-text-stroke-width: 0px; white-space: normal; text-decoration-thickness: initial; text-decoration-style: initial; text-decoration-color: initial; margin: 0px 0px var(--margin-bottom) 0px;\" action=\"https:\/\/auenshop.maxim-design.com?product=muensterlaender-butterkaese\" enctype=\"multipart\/form-data\" method=\"post\" data-product_id=\"15681\" data-product_variations=\"[{&quot;attributes&quot;:{&quot;attribute_pa_preis&quot;:&quot;200g&quot;},&quot;availability_html&quot;:&quot;&quot;,&quot;backorders_allowed&quot;:false,&quot;dimensions&quot;:{&quot;length&quot;:&quot;&quot;,&quot;width&quot;:&quot;&quot;,&quot;height&quot;:&quot;&quot;},&quot;dimensions_html&quot;:&quot;n. v.&quot;,&quot;display_price&quot;:4.49,&quot;display_regular_price&quot;:4.49,&quot;image&quot;:{&quot;title&quot;:&quot;muensterlaender_butterkaese&quot;,&quot;caption&quot;:&quot;&quot;,&quot;url&quot;:&quot;https:\\\/\\\/auenshop.maxim-design.com\\\/wp-content\\\/uploads\\\/2024\\\/01\\\/muensterlaender_butterkaese.jpg&quot;,&quot;alt&quot;:&quot;muensterlaender_butterkaese&quot;,&quot;src&quot;:&quot;https:\\\/\\\/auenshop.maxim-design.com\\\/wp-content\\\/uploads\\\/2024\\\/01\\\/muensterlaender_butterkaese-700x789.jpg&quot;,&quot;srcset&quot;:&quot;https:\\\/\\\/auenshop.maxim-design.com\\\/wp-content\\\/uploads\\\/2024\\\/01\\\/muensterlaender_butterkaese-700x789.jpg 700w, https:\\\/\\\/auenshop.maxim-design.com\\\/wp-content\\\/uploads\\\/2024\\\/01\\\/muensterlaender_butterkaese-266x300.jpg 266w, https:\\\/\\\/auenshop.maxim-design.com\\\/wp-content\\\/uploads\\\/2024\\\/01\\\/muensterlaender_butterkaese-710x800.jpg 710w, https:\\\/\\\/auenshop.maxim-design.com\\\/wp-content\\\/uploads\\\/2024\\\/01\\\/muensterlaender_butterkaese-768x865.jpg 768w, https:\\\/\\\/auenshop.maxim-design.com\\\/wp-content\\\/uploads\\\/2024\\\/01\\\/muensterlaender_butterkaese-430x485.jpg 430w, https:\\\/\\\/auenshop.maxim-design.com\\\/wp-content\\\/uploads\\\/2024\\\/01\\\/muensterlaender_butterkaese-150x169.jpg 150w, https:\\\/\\\/auenshop.maxim-design.com\\\/wp-content\\\/uploads\\\/2024\\\/01\\\/muensterlaender_butterkaese.jpg 772w&quot;,&quot;sizes&quot;:&quot;(max-width: 700px) 100vw, 700px&quot;,&quot;full_src&quot;:&quot;https:\\\/\\\/auenshop.maxim-design.com\\\/wp-content\\\/uploads\\\/2024\\\/01\\\/muensterlaender_butterkaese.jpg&quot;,&quot;full_src_w&quot;:772,&quot;full_src_h&quot;:870,&quot;gallery_thumbnail_src&quot;:&quot;https:\\\/\\\/auenshop.maxim-design.com\\\/wp-content\\\/uploads\\\/2024\\\/01\\\/muensterlaender_butterkaese-150x169.jpg&quot;,&quot;gallery_thumbnail_src_w&quot;:150,&quot;gallery_thumbnail_src_h&quot;:169,&quot;thumb_src&quot;:&quot;https:\\\/\\\/auenshop.maxim-design.com\\\/wp-content\\\/uploads\\\/2024\\\/01\\\/muensterlaender_butterkaese-430x485.jpg&quot;,&quot;thumb_src_w&quot;:430,&quot;thumb_src_h&quot;:485,&quot;src_w&quot;:700,&quot;src_h&quot;:789},&quot;image_id&quot;:15633,&quot;is_downloadable&quot;:false,&quot;is_in_stock&quot;:true,&quot;is_purchasable&quot;:true,&quot;is_sold_individually&quot;:&quot;no&quot;,&quot;is_virtual&quot;:false,&quot;max_qty&quot;:&quot;&quot;,&quot;min_qty&quot;:1,&quot;price_html&quot;:&quot;&lt;span class=\\&quot;price\\&quot;&gt;&lt;span class=\\&quot;woocommerce-Price-amount amount\\&quot;&gt;&lt;bdi&gt;4,49&amp;nbsp;&lt;span class=\\&quot;woocommerce-Price-currencySymbol\\&quot;&gt;&amp;euro;&lt;\\\/span&gt;&lt;\\\/bdi&gt;&lt;\\\/span&gt;&lt;\\\/span&gt;&quot;,&quot;sku&quot;:&quot;1006.200&quot;,&quot;variation_description&quot;:&quot;&quot;,&quot;variation_id&quot;:15683,&quot;variation_is_active&quot;:true,&quot;variation_is_visible&quot;:true,&quot;weight&quot;:&quot;&quot;,&quot;weight_html&quot;:&quot;n. v.&quot;,&quot;additional_variation_images_default&quot;:[{&quot;width&quot;:700,&quot;height&quot;:789,&quot;src&quot;:&quot;https:\\\/\\\/auenshop.maxim-design.com\\\/wp-content\\\/uploads\\\/2024\\\/01\\\/muensterlaender_butterkaese-700x789.jpg&quot;,&quot;full_src&quot;:&quot;https:\\\/\\\/auenshop.maxim-design.com\\\/wp-content\\\/uploads\\\/2024\\\/01\\\/muensterlaender_butterkaese.jpg&quot;,&quot;thumbnail_src&quot;:&quot;https:\\\/\\\/auenshop.maxim-design.com\\\/wp-content\\\/uploads\\\/2024\\\/01\\\/muensterlaender_butterkaese-150x169.jpg&quot;,&quot;class&quot;:&quot;wp-post-image&quot;,&quot;alt&quot;:&quot;&quot;,&quot;title&quot;:&quot;muensterlaender_butterkaese&quot;,&quot;data_caption&quot;:&quot;&quot;,&quot;data_src&quot;:&quot;https:\\\/\\\/auenshop.maxim-design.com\\\/wp-content\\\/uploads\\\/2024\\\/01\\\/muensterlaender_butterkaese.jpg&quot;,&quot;data_large_image&quot;:&quot;https:\\\/\\\/auenshop.maxim-design.com\\\/wp-content\\\/uploads\\\/2024\\\/01\\\/muensterlaender_butterkaese.jpg&quot;,&quot;data_large_image_width&quot;:&quot;772&quot;,&quot;data_large_image_height&quot;:&quot;870&quot;,&quot;srcset&quot;:&quot;https:\\\/\\\/auenshop.maxim-design.com\\\/wp-content\\\/uploads\\\/2024\\\/01\\\/muensterlaender_butterkaese-700x789.jpg 700w, https:\\\/\\\/auenshop.maxim-design.com\\\/wp-content\\\/uploads\\\/2024\\\/01\\\/muensterlaender_butterkaese-266x300.jpg 266w, https:\\\/\\\/auenshop.maxim-design.com\\\/wp-content\\\/uploads\\\/2024\\\/01\\\/muensterlaender_butterkaese-710x800.jpg 710w, https:\\\/\\\/auenshop.maxim-design.com\\\/wp-content\\\/uploads\\\/2024\\\/01\\\/muensterlaender_butterkaese-768x865.jpg 768w, https:\\\/\\\/auenshop.maxim-design.com\\\/wp-content\\\/uploads\\\/2024\\\/01\\\/muensterlaender_butterkaese-430x485.jpg 430w, https:\\\/\\\/auenshop.maxim-design.com\\\/wp-content\\\/uploads\\\/2024\\\/01\\\/muensterlaender_butterkaese-150x169.jpg 150w, https:\\\/\\\/auenshop.maxim-design.com\\\/wp-content\\\/uploads\\\/2024\\\/01\\\/muensterlaender_butterkaese.jpg 772w&quot;,&quot;sizes&quot;:&quot;(max-width: 700px) 100vw, 700px&quot;}],&quot;delivery_time&quot;:&quot;&quot;,&quot;unit_price&quot;:&quot;&lt;span class=\\&quot;woocommerce-Price-amount amount\\&quot;&gt;&lt;bdi&gt;22,45&amp;nbsp;&lt;span class=\\&quot;woocommerce-Price-currencySymbol\\&quot;&gt;&amp;euro;&lt;\\\/span&gt;&lt;\\\/bdi&gt;&lt;\\\/span&gt; \\\/ &lt;span class=\\&quot;unit-base\\&quot;&gt;1000.00&lt;\\\/span&gt; &lt;span class=\\&quot;unit\\&quot;&gt;g&lt;\\\/span&gt;&quot;,&quot;product_units&quot;:&quot;Produkt enth\\u00e4lt: 200 &lt;span class=\\&quot;unit\\&quot;&gt;g&lt;\\\/span&gt;&quot;,&quot;tax_info&quot;:&quot;inkl. 7 % MwSt.&quot;,&quot;shipping_costs_info&quot;:&quot;zzgl. &lt;a href=\\&quot;https:\\\/\\\/auenshop.maxim-design.com\\\/?page_id=15649\\&quot; target=\\&quot;_blank\\&quot;&gt;Versandkosten&lt;\\\/a&gt;&quot;,&quot;defect_description&quot;:&quot;&quot;,&quot;deposit_amount&quot;:&quot;&quot;,&quot;deposit_packaging_type&quot;:&quot;&quot;,&quot;is_food&quot;:&quot;no&quot;,&quot;food_description&quot;:&quot;&quot;,&quot;food_place_of_origin&quot;:&quot;&quot;,&quot;food_distributor&quot;:&quot;&quot;,&quot;alcohol_content&quot;:&quot;&quot;,&quot;includes_alcohol&quot;:&quot;no&quot;,&quot;drained_weight&quot;:&quot;&quot;,&quot;net_filling_quantity&quot;:&quot;&quot;,&quot;ingredients&quot;:&quot;&quot;,&quot;allergenic&quot;:&quot;&quot;,&quot;nutrients&quot;:&quot;&quot;,&quot;nutri_score&quot;:&quot;&quot;},{&quot;attributes&quot;:{&quot;attribute_pa_preis&quot;:&quot;400g&quot;},&quot;availability_html&quot;:&quot;&quot;,&quot;backorders_allowed&quot;:false,&quot;dimensions&quot;:{&quot;length&quot;:&quot;&quot;,&quot;width&quot;:&quot;&quot;,&quot;height&quot;:&quot;&quot;},&quot;dimensions_html&quot;:&quot;n. v.&quot;,&quot;display_price&quot;:8.79,&quot;display_regular_price&quot;:8.79,&quot;image&quot;:{&quot;title&quot;:&quot;muensterlaender_butterkaese&quot;,&quot;caption&quot;:&quot;&quot;,&quot;url&quot;:&quot;https:\\\/\\\/auenshop.maxim-design.com\\\/wp-content\\\/uploads\\\/2024\\\/01\\\/muensterlaender_butterkaese.jpg&quot;,&quot;alt&quot;:&quot;muensterlaender_butterkaese&quot;,&quot;src&quot;:&quot;https:\\\/\\\/auenshop.maxim-design.com\\\/wp-content\\\/uploads\\\/2024\\\/01\\\/muensterlaender_butterkaese-700x789.jpg&quot;,&quot;srcset&quot;:&quot;https:\\\/\\\/auenshop.maxim-design.com\\\/wp-content\\\/uploads\\\/2024\\\/01\\\/muensterlaender_butterkaese-700x789.jpg 700w, https:\\\/\\\/auenshop.maxim-design.com\\\/wp-content\\\/uploads\\\/2024\\\/01\\\/muensterlaender_butterkaese-266x300.jpg 266w, https:\\\/\\\/auenshop.maxim-design.com\\\/wp-content\\\/uploads\\\/2024\\\/01\\\/muensterlaender_butterkaese-710x800.jpg 710w, https:\\\/\\\/auenshop.maxim-design.com\\\/wp-content\\\/uploads\\\/2024\\\/01\\\/muensterlaender_butterkaese-768x865.jpg 768w, https:\\\/\\\/auenshop.maxim-design.com\\\/wp-content\\\/uploads\\\/2024\\\/01\\\/muensterlaender_butterkaese-430x485.jpg 430w, https:\\\/\\\/auenshop.maxim-design.com\\\/wp-content\\\/uploads\\\/2024\\\/01\\\/muensterlaender_butterkaese-150x169.jpg 150w, https:\\\/\\\/auenshop.maxim-design.com\\\/wp-content\\\/uploads\\\/2024\\\/01\\\/muensterlaender_butterkaese.jpg 772w&quot;,&quot;sizes&quot;:&quot;(max-width: 700px) 100vw, 700px&quot;,&quot;full_src&quot;:&quot;https:\\\/\\\/auenshop.maxim-design.com\\\/wp-content\\\/uploads\\\/2024\\\/01\\\/muensterlaender_butterkaese.jpg&quot;,&quot;full_src_w&quot;:772,&quot;full_src_h&quot;:870,&quot;gallery_thumbnail_src&quot;:&quot;https:\\\/\\\/auenshop.maxim-design.com\\\/wp-content\\\/uploads\\\/2024\\\/01\\\/muensterlaender_butterkaese-150x169.jpg&quot;,&quot;gallery_thumbnail_src_w&quot;:150,&quot;gallery_thumbnail_src_h&quot;:169,&quot;thumb_src&quot;:&quot;https:\\\/\\\/auenshop.maxim-design.com\\\/wp-content\\\/uploads\\\/2024\\\/01\\\/muensterlaender_butterkaese-430x485.jpg&quot;,&quot;thumb_src_w&quot;:430,&quot;thumb_src_h&quot;:485,&quot;src_w&quot;:700,&quot;src_h&quot;:789},&quot;image_id&quot;:15633,&quot;is_downloadable&quot;:false,&quot;is_in_stock&quot;:true,&quot;is_purchasable&quot;:true,&quot;is_sold_individually&quot;:&quot;no&quot;,&quot;is_virtual&quot;:false,&quot;max_qty&quot;:&quot;&quot;,&quot;min_qty&quot;:1,&quot;price_html&quot;:&quot;&lt;span class=\\&quot;price\\&quot;&gt;&lt;span class=\\&quot;woocommerce-Price-amount amount\\&quot;&gt;&lt;bdi&gt;8,79&amp;nbsp;&lt;span class=\\&quot;woocommerce-Price-currencySymbol\\&quot;&gt;&amp;euro;&lt;\\\/span&gt;&lt;\\\/bdi&gt;&lt;\\\/span&gt;&lt;\\\/span&gt;&quot;,&quot;sku&quot;:&quot;1006.400&quot;,&quot;variation_description&quot;:&quot;&quot;,&quot;variation_id&quot;:15684,&quot;variation_is_active&quot;:true,&quot;variation_is_visible&quot;:true,&quot;weight&quot;:&quot;&quot;,&quot;weight_html&quot;:&quot;n. v.&quot;,&quot;additional_variation_images_default&quot;:[{&quot;width&quot;:700,&quot;height&quot;:789,&quot;src&quot;:&quot;https:\\\/\\\/auenshop.maxim-design.com\\\/wp-content\\\/uploads\\\/2024\\\/01\\\/muensterlaender_butterkaese-700x789.jpg&quot;,&quot;full_src&quot;:&quot;https:\\\/\\\/auenshop.maxim-design.com\\\/wp-content\\\/uploads\\\/2024\\\/01\\\/muensterlaender_butterkaese.jpg&quot;,&quot;thumbnail_src&quot;:&quot;https:\\\/\\\/auenshop.maxim-design.com\\\/wp-content\\\/uploads\\\/2024\\\/01\\\/muensterlaender_butterkaese-150x169.jpg&quot;,&quot;class&quot;:&quot;wp-post-image&quot;,&quot;alt&quot;:&quot;&quot;,&quot;title&quot;:&quot;muensterlaender_butterkaese&quot;,&quot;data_caption&quot;:&quot;&quot;,&quot;data_src&quot;:&quot;https:\\\/\\\/auenshop.maxim-design.com\\\/wp-content\\\/uploads\\\/2024\\\/01\\\/muensterlaender_butterkaese.jpg&quot;,&quot;data_large_image&quot;:&quot;https:\\\/\\\/auenshop.maxim-design.com\\\/wp-content\\\/uploads\\\/2024\\\/01\\\/muensterlaender_butterkaese.jpg&quot;,&quot;data_large_image_width&quot;:&quot;772&quot;,&quot;data_large_image_height&quot;:&quot;870&quot;,&quot;srcset&quot;:&quot;https:\\\/\\\/auenshop.maxim-design.com\\\/wp-content\\\/uploads\\\/2024\\\/01\\\/muensterlaender_butterkaese-700x789.jpg 700w, https:\\\/\\\/auenshop.maxim-design.com\\\/wp-content\\\/uploads\\\/2024\\\/01\\\/muensterlaender_butterkaese-266x300.jpg 266w, https:\\\/\\\/auenshop.maxim-design.com\\\/wp-content\\\/uploads\\\/2024\\\/01\\\/muensterlaender_butterkaese-710x800.jpg 710w, https:\\\/\\\/auenshop.maxim-design.com\\\/wp-content\\\/uploads\\\/2024\\\/01\\\/muensterlaender_butterkaese-768x865.jpg 768w, https:\\\/\\\/auenshop.maxim-design.com\\\/wp-content\\\/uploads\\\/2024\\\/01\\\/muensterlaender_butterkaese-430x485.jpg 430w, https:\\\/\\\/auenshop.maxim-design.com\\\/wp-content\\\/uploads\\\/2024\\\/01\\\/muensterlaender_butterkaese-150x169.jpg 150w, https:\\\/\\\/auenshop.maxim-design.com\\\/wp-content\\\/uploads\\\/2024\\\/01\\\/muensterlaender_butterkaese.jpg 772w&quot;,&quot;sizes&quot;:&quot;(max-width: 700px) 100vw, 700px&quot;}],&quot;delivery_time&quot;:&quot;&quot;,&quot;unit_price&quot;:&quot;&lt;span class=\\&quot;woocommerce-Price-amount amount\\&quot;&gt;&lt;bdi&gt;21,98&amp;nbsp;&lt;span class=\\&quot;woocommerce-Price-currencySymbol\\&quot;&gt;&amp;euro;&lt;\\\/span&gt;&lt;\\\/bdi&gt;&lt;\\\/span&gt; \\\/ &lt;span class=\\&quot;unit-base\\&quot;&gt;1000.00&lt;\\\/span&gt; &lt;span class=\\&quot;unit\\&quot;&gt;g&lt;\\\/span&gt;&quot;,&quot;product_units&quot;:&quot;Produkt enth\\u00e4lt: 400 &lt;span class=\\&quot;unit\\&quot;&gt;g&lt;\\\/span&gt;&quot;,&quot;tax_info&quot;:&quot;inkl. 7 % MwSt.&quot;,&quot;shipping_costs_info&quot;:&quot;zzgl. &lt;a href=\\&quot;https:\\\/\\\/auenshop.maxim-design.com\\\/?page_id=15649\\&quot; target=\\&quot;_blank\\&quot;&gt;Versandkosten&lt;\\\/a&gt;&quot;,&quot;defect_description&quot;:&quot;&quot;,&quot;deposit_amount&quot;:&quot;&quot;,&quot;deposit_packaging_type&quot;:&quot;&quot;,&quot;is_food&quot;:&quot;no&quot;,&quot;food_description&quot;:&quot;&quot;,&quot;food_place_of_origin&quot;:&quot;&quot;,&quot;food_distributor&quot;:&quot;&quot;,&quot;alcohol_content&quot;:&quot;&quot;,&quot;includes_alcohol&quot;:&quot;no&quot;,&quot;drained_weight&quot;:&quot;&quot;,&quot;net_filling_quantity&quot;:&quot;&quot;,&quot;ingredients&quot;:&quot;&quot;,&quot;allergenic&quot;:&quot;&quot;,&quot;nutrients&quot;:&quot;&quot;,&quot;nutri_score&quot;:&quot;&quot;}]\"><\/form>\n\t\t\t\t\t<\/div>\n\t\t\t\t<\/div>\n\t\t\t\t<\/div>\n\t\t\t\t<\/div>\n\t\t\t\t\t<\/div>\n\t\t\t\t<\/div>\n\t\t\t\t\t\t\t<\/div>\n\t\t","protected":false},"excerpt":{"rendered":"<p>Unser M\u00fcnsterl\u00e4nder Butterk\u00e4se wird nur so im M\u00fcnsterland hergestellt.<\/p>\n","protected":false},"featured_media":15633,"comment_status":"open","ping_status":"closed","template":"","meta":[],"product_cat":[72],"product_tag":[],"class_list":{"0":"post-15681","1":"product","2":"type-product","3":"status-publish","4":"has-post-thumbnail","6":"product_cat-alles-kaese","8":"first","9":"instock","10":"taxable","11":"shipping-taxable","12":"purchasable","13":"product-type-variable"},"_links":{"self":[{"href":"https:\/\/auenshop.maxim-design.com\/index.php?rest_route=\/wp\/v2\/product\/15681","targetHints":{"allow":["GET"]}}],"collection":[{"href":"https:\/\/auenshop.maxim-design.com\/index.php?rest_route=\/wp\/v2\/product"}],"about":[{"href":"https:\/\/auenshop.maxim-design.com\/index.php?rest_route=\/wp\/v2\/types\/product"}],"replies":[{"embeddable":true,"href":"https:\/\/auenshop.maxim-design.com\/index.php?rest_route=%2Fwp%2Fv2%2Fcomments&post=15681"}],"version-history":[{"count":6,"href":"https:\/\/auenshop.maxim-design.com\/index.php?rest_route=\/wp\/v2\/product\/15681\/revisions"}],"predecessor-version":[{"id":16407,"href":"https:\/\/auenshop.maxim-design.com\/index.php?rest_route=\/wp\/v2\/product\/15681\/revisions\/16407"}],"wp:featuredmedia":[{"embeddable":true,"href":"https:\/\/auenshop.maxim-design.com\/index.php?rest_route=\/wp\/v2\/media\/15633"}],"wp:attachment":[{"href":"https:\/\/auenshop.maxim-design.com\/index.php?rest_route=%2Fwp%2Fv2%2Fmedia&parent=15681"}],"wp:term":[{"taxonomy":"product_cat","embeddable":true,"href":"https:\/\/auenshop.maxim-design.com\/index.php?rest_route=%2Fwp%2Fv2%2Fproduct_cat&post=15681"},{"taxonomy":"product_tag","embeddable":true,"href":"https:\/\/auenshop.maxim-design.com\/index.php?rest_route=%2Fwp%2Fv2%2Fproduct_tag&post=15681"}],"curies":[{"name":"wp","href":"https:\/\/api.w.org\/{rel}","templated":true}]}}