{"id":15670,"date":"2024-01-16T17:20:13","date_gmt":"2024-01-16T16:20:13","guid":{"rendered":"https:\/\/auenshop.maxim-design.com\/?post_type=product&#038;p=15670"},"modified":"2024-01-25T12:54:40","modified_gmt":"2024-01-25T11:54:40","slug":"speisequark","status":"publish","type":"product","link":"https:\/\/auenshop.maxim-design.com\/?product=speisequark","title":{"rendered":"Speisequark"},"content":{"rendered":"\t\t<div data-elementor-type=\"wp-post\" data-elementor-id=\"15670\" class=\"elementor elementor-15670\" data-elementor-post-type=\"product\">\n\t\t\t\t\t\t\t<div class=\"wd-negative-gap elementor-element elementor-element-1e401f01 e-flex e-con-boxed e-con e-parent\" data-id=\"1e401f01\" data-element_type=\"container\" data-settings=\"{&quot;content_width&quot;:&quot;boxed&quot;}\" data-core-v316-plus=\"true\">\n\t\t\t\t\t<div class=\"e-con-inner\">\n\t\t<div class=\"elementor-element elementor-element-24cf924 e-con-full e-flex e-con e-child\" data-id=\"24cf924\" data-element_type=\"container\" data-settings=\"{&quot;content_width&quot;:&quot;full&quot;}\">\n\t\t\t\t<div class=\"elementor-element elementor-element-7a9e7a95 elementor-widget elementor-widget-image\" data-id=\"7a9e7a95\" data-element_type=\"widget\" data-widget_type=\"image.default\">\n\t\t\t\t<div class=\"elementor-widget-container\">\n\t\t\t<style>\/*! elementor - v3.18.0 - 20-12-2023 *\/\n.elementor-widget-image{text-align:center}.elementor-widget-image a{display:inline-block}.elementor-widget-image a img[src$=\".svg\"]{width:48px}.elementor-widget-image img{vertical-align:middle;display:inline-block}<\/style>\t\t\t\t\t\t\t\t\t\t\t\t<img fetchpriority=\"high\" decoding=\"async\" width=\"710\" height=\"800\" src=\"https:\/\/auenshop.maxim-design.com\/wp-content\/uploads\/2024\/01\/speisequark-710x800.webp\" class=\"attachment-large size-large wp-image-15620\" alt=\"\" srcset=\"https:\/\/auenshop.maxim-design.com\/wp-content\/uploads\/2024\/01\/speisequark-710x800.webp 710w, https:\/\/auenshop.maxim-design.com\/wp-content\/uploads\/2024\/01\/speisequark-430x485.webp 430w, https:\/\/auenshop.maxim-design.com\/wp-content\/uploads\/2024\/01\/speisequark-150x169.webp 150w, https:\/\/auenshop.maxim-design.com\/wp-content\/uploads\/2024\/01\/speisequark-700x789.webp 700w, https:\/\/auenshop.maxim-design.com\/wp-content\/uploads\/2024\/01\/speisequark-266x300.webp 266w, https:\/\/auenshop.maxim-design.com\/wp-content\/uploads\/2024\/01\/speisequark-768x865.webp 768w, https:\/\/auenshop.maxim-design.com\/wp-content\/uploads\/2024\/01\/speisequark.webp 772w\" sizes=\"(max-width: 710px) 100vw, 710px\" \/>\t\t\t\t\t\t\t\t\t\t\t\t\t\t\t<\/div>\n\t\t\t\t<\/div>\n\t\t\t\t<\/div>\n\t\t<div class=\"elementor-element elementor-element-7de0784f e-con-full e-flex e-con e-child\" data-id=\"7de0784f\" data-element_type=\"container\" data-settings=\"{&quot;content_width&quot;:&quot;full&quot;}\">\n\t\t\t\t<div class=\"elementor-element elementor-element-46936c77 elementor-widget elementor-widget-heading\" data-id=\"46936c77\" data-element_type=\"widget\" data-widget_type=\"heading.default\">\n\t\t\t\t<div class=\"elementor-widget-container\">\n\t\t\t<style>\/*! elementor - v3.18.0 - 20-12-2023 *\/\n.elementor-heading-title{padding:0;margin:0;line-height:1}.elementor-widget-heading .elementor-heading-title[class*=elementor-size-]>a{color:inherit;font-size:inherit;line-height:inherit}.elementor-widget-heading .elementor-heading-title.elementor-size-small{font-size:15px}.elementor-widget-heading .elementor-heading-title.elementor-size-medium{font-size:19px}.elementor-widget-heading .elementor-heading-title.elementor-size-large{font-size:29px}.elementor-widget-heading .elementor-heading-title.elementor-size-xl{font-size:39px}.elementor-widget-heading .elementor-heading-title.elementor-size-xxl{font-size:59px}<\/style><h2 class=\"elementor-heading-title elementor-size-default\">Der Auenhof Speisequark<\/h2>\t\t<\/div>\n\t\t\t\t<\/div>\n\t\t\t\t<div class=\"elementor-element elementor-element-4663c970 elementor-widget elementor-widget-wd_text_block\" data-id=\"4663c970\" data-element_type=\"widget\" data-widget_type=\"wd_text_block.default\">\n\t\t\t\t<div class=\"elementor-widget-container\">\n\t\t\t\t\t\t<link rel=\"stylesheet\" id=\"wd-text-block-css\" href=\"https:\/\/auenshop.maxim-design.com\/wp-content\/themes\/woodmart\/css\/parts\/el-text-block.min.css?ver=7.4.2\" type=\"text\/css\" media=\"all\" \/> \t\t\t\t\t<div class=\"wd-text-block reset-last-child text-left\">\n\t\t\t\n\t\t\t<p>Unser Speisequark wird im klassischen Verfahren anges\u00e4uert und anschlie\u00dfend \u00fcber 36 Stunden dickgelegt.<\/p>\n\t\t\t\t\t<\/div>\n\t\t\t\t<\/div>\n\t\t\t\t<\/div>\n\t\t\t\t<\/div>\n\t\t\t\t\t<\/div>\n\t\t\t\t<\/div>\n\t\t\t\t\t\t\t<\/div>\n\t\t","protected":false},"excerpt":{"rendered":"<p>Unser Speisequark wird im klassischen Verfahren anges\u00e4uert und anschlie\u00dfend \u00fcber 36 Stunden dickgelegt.<\/p>\n","protected":false},"featured_media":15620,"comment_status":"open","ping_status":"closed","template":"","meta":[],"product_cat":[74],"product_tag":[],"class_list":{"0":"post-15670","1":"product","2":"type-product","3":"status-publish","4":"has-post-thumbnail","6":"product_cat-milch-co","8":"first","9":"instock","10":"taxable","11":"shipping-taxable","12":"purchasable","13":"product-type-simple"},"_links":{"self":[{"href":"https:\/\/auenshop.maxim-design.com\/index.php?rest_route=\/wp\/v2\/product\/15670","targetHints":{"allow":["GET"]}}],"collection":[{"href":"https:\/\/auenshop.maxim-design.com\/index.php?rest_route=\/wp\/v2\/product"}],"about":[{"href":"https:\/\/auenshop.maxim-design.com\/index.php?rest_route=\/wp\/v2\/types\/product"}],"replies":[{"embeddable":true,"href":"https:\/\/auenshop.maxim-design.com\/index.php?rest_route=%2Fwp%2Fv2%2Fcomments&post=15670"}],"version-history":[{"count":8,"href":"https:\/\/auenshop.maxim-design.com\/index.php?rest_route=\/wp\/v2\/product\/15670\/revisions"}],"predecessor-version":[{"id":16422,"href":"https:\/\/auenshop.maxim-design.com\/index.php?rest_route=\/wp\/v2\/product\/15670\/revisions\/16422"}],"wp:featuredmedia":[{"embeddable":true,"href":"https:\/\/auenshop.maxim-design.com\/index.php?rest_route=\/wp\/v2\/media\/15620"}],"wp:attachment":[{"href":"https:\/\/auenshop.maxim-design.com\/index.php?rest_route=%2Fwp%2Fv2%2Fmedia&parent=15670"}],"wp:term":[{"taxonomy":"product_cat","embeddable":true,"href":"https:\/\/auenshop.maxim-design.com\/index.php?rest_route=%2Fwp%2Fv2%2Fproduct_cat&post=15670"},{"taxonomy":"product_tag","embeddable":true,"href":"https:\/\/auenshop.maxim-design.com\/index.php?rest_route=%2Fwp%2Fv2%2Fproduct_tag&post=15670"}],"curies":[{"name":"wp","href":"https:\/\/api.w.org\/{rel}","templated":true}]}}